{"id":17,"date":"2020-03-09T09:06:13","date_gmt":"2020-03-09T09:06:13","guid":{"rendered":"https:\/\/lagar.vamtam.com\/?page_id=17"},"modified":"2025-03-18T21:27:32","modified_gmt":"2025-03-19T03:27:32","slug":"shop","status":"publish","type":"page","link":"https:\/\/maravelus.com.mx\/es\/shop\/","title":{"rendered":"Tienda"},"content":{"rendered":"<div data-elementor-type=\"wp-page\" data-elementor-id=\"17\" class=\"elementor elementor-17\" data-elementor-post-type=\"page\">\n\t\t\t\t\t\t<section class=\"elementor-section elementor-top-section elementor-element elementor-element-c3c5487 elementor-section-height-min-height elementor-section-content-bottom elementor-section-boxed elementor-section-height-default elementor-section-items-middle\" data-id=\"c3c5487\" data-element_type=\"section\" data-e-type=\"section\" data-settings=\"{&quot;background_background&quot;:&quot;classic&quot;}\">\n\t\t\t\t\t\t\t<div class=\"elementor-background-overlay\"><\/div>\n\t\t\t\t\t\t\t<div class=\"elementor-container elementor-column-gap-default\">\n\t\t\t\t\t<div class=\"elementor-column elementor-col-100 elementor-top-column elementor-element elementor-element-153c8f8\" data-id=\"153c8f8\" data-element_type=\"column\" data-e-type=\"column\">\n\t\t\t<div class=\"elementor-widget-wrap elementor-element-populated\">\n\t\t\t\t\t\t<div class=\"elementor-element elementor-element-45400d5 elementor-widget elementor-widget-heading\" data-id=\"45400d5\" data-element_type=\"widget\" data-e-type=\"widget\" data-widget_type=\"heading.default\">\n\t\t\t\t<div class=\"elementor-widget-container\">\n\t\t\t\t\t<h2 class=\"elementor-heading-title elementor-size-default\">Tienda<\/h2>\t\t\t\t<\/div>\n\t\t\t\t<\/div>\n\t\t\t\t\t<\/div>\n\t\t<\/div>\n\t\t\t\t\t<\/div>\n\t\t<\/section>\n\t\t\t\t<section class=\"elementor-section elementor-top-section elementor-element elementor-element-c4a4e2f elementor-section-height-min-height animated-slow elementor-section-boxed elementor-section-height-default elementor-section-items-middle elementor-invisible\" data-id=\"c4a4e2f\" data-element_type=\"section\" data-e-type=\"section\" data-settings=\"{&quot;animation&quot;:&quot;fadeIn&quot;,&quot;animation_delay&quot;:400,&quot;background_background&quot;:&quot;classic&quot;}\">\n\t\t\t\t\t\t<div class=\"elementor-container elementor-column-gap-default\">\n\t\t\t\t\t<div class=\"elementor-column elementor-col-100 elementor-top-column elementor-element elementor-element-091c228\" data-id=\"091c228\" data-element_type=\"column\" data-e-type=\"column\">\n\t\t\t<div class=\"elementor-widget-wrap elementor-element-populated\">\n\t\t\t\t\t\t<div class=\"elementor-element elementor-element-8d1c868 elementor-absolute elementor-widget elementor-widget-image\" data-id=\"8d1c868\" data-element_type=\"widget\" data-e-type=\"widget\" data-settings=\"{&quot;_position&quot;:&quot;absolute&quot;}\" data-widget_type=\"image.default\">\n\t\t\t\t<div class=\"elementor-widget-container\">\n\t\t\t\t\t\t\t\t\t\t\t\t\t\t\t<img decoding=\"async\" src=\"https:\/\/maravelus.com.mx\/wp-content\/uploads\/elementor\/thumbs\/ilustracion-grabado-agave-azul_133170-212-qvo25jjqu7e908pweigin0pe7j1zgbh1cbs4bbvphs.png\" title=\"ilustracion-grabado-agave-azul_133170-212\" alt=\"ilustracion-grabado-agave-azul_133170-212\" loading=\"lazy\" \/>\t\t\t\t\t\t\t\t\t\t\t\t\t\t\t<\/div>\n\t\t\t\t<\/div>\n\t\t\t\t<div class=\"elementor-element elementor-element-a297f24 elementor-widget elementor-widget-image\" data-id=\"a297f24\" data-element_type=\"widget\" data-e-type=\"widget\" data-widget_type=\"image.default\">\n\t\t\t\t<div class=\"elementor-widget-container\">\n\t\t\t\t\t\t\t\t\t\t\t\t\t\t\t<img fetchpriority=\"high\" decoding=\"async\" width=\"300\" height=\"192\" src=\"https:\/\/maravelus.com.mx\/wp-content\/uploads\/2020\/05\/logo1-300x192.png\" class=\"attachment-medium size-medium wp-image-987685\" alt=\"\" srcset=\"https:\/\/maravelus.com.mx\/wp-content\/uploads\/2020\/05\/logo1-300x192.png 300w, https:\/\/maravelus.com.mx\/wp-content\/uploads\/2020\/05\/logo1-630x403.png 630w, https:\/\/maravelus.com.mx\/wp-content\/uploads\/2020\/05\/logo1-315x202.png 315w, https:\/\/maravelus.com.mx\/wp-content\/uploads\/2020\/05\/logo1.png 717w\" sizes=\"(max-width: 300px) 100vw, 300px\" \/>\t\t\t\t\t\t\t\t\t\t\t\t\t\t\t<\/div>\n\t\t\t\t<\/div>\n\t\t\t\t<div class=\"elementor-element elementor-element-b1fca56 elementor-widget elementor-widget-text-editor\" data-id=\"b1fca56\" data-element_type=\"widget\" data-e-type=\"widget\" data-widget_type=\"text-editor.default\">\n\t\t\t\t<div class=\"elementor-widget-container\">\n\t\t\t\t\t\t\t\t\t<p>Maravelus puede diferenciarse centr\u00e1ndose en el terroir \u00fanico de su origen oaxaque\u00f1o, haciendo hincapi\u00e9 en c\u00f3mo las condiciones espec\u00edficas del suelo, la altitud y el clima de sus plantaciones de agave contribuyen a los sabores y aromas distintivos de su mezcal. Aprovechar los m\u00e9todos de producci\u00f3n tradicionales, como el uso de variedades ancestrales de agave y la adhesi\u00f3n a pr\u00e1cticas agr\u00edcolas sostenibles y \u00e9ticas, puede diferenciar a\u00fan m\u00e1s a Maravelus. Adem\u00e1s, ofrecer lotes de edici\u00f3n limitada, experimentar con t\u00e9cnicas de destilaci\u00f3n innovadoras o envejecer el mezcal en barricas \u00fanicas podr\u00eda crear una l\u00ednea de productos distintiva. Destacar el compromiso de la marca con la calidad, la tradici\u00f3n y la comunidad local resonar\u00e1 entre los consumidores que buscan experiencias mezcaleras aut\u00e9nticas y artesanales.<\/p>\t\t\t\t\t\t\t\t<\/div>\n\t\t\t\t<\/div>\n\t\t\t\t<div class=\"elementor-element elementor-element-3449dd3 elementor-widget elementor-widget-heading\" data-id=\"3449dd3\" data-element_type=\"widget\" data-e-type=\"widget\" data-widget_type=\"heading.default\">\n\t\t\t\t<div class=\"elementor-widget-container\">\n\t\t\t\t\t<h3 class=\"elementor-heading-title elementor-size-default\">Maravelus puede contar una historia convincente de herencia, artesan\u00eda y evoluci\u00f3n del sabor del mezcal influenciado por la tierra, haciendo de cada botella una expresi\u00f3n \u00fanica de la cultura y la tradici\u00f3n oaxaque\u00f1as.<\/h3>\t\t\t\t<\/div>\n\t\t\t\t<\/div>\n\t\t\t\t\t<\/div>\n\t\t<\/div>\n\t\t\t\t\t<\/div>\n\t\t<\/section>\n\t\t\t\t<section class=\"elementor-section elementor-top-section elementor-element elementor-element-4e6d051 elementor-reverse-mobile elementor-section-boxed elementor-section-height-default elementor-section-height-default\" data-id=\"4e6d051\" data-element_type=\"section\" data-e-type=\"section\" data-settings=\"{&quot;background_background&quot;:&quot;classic&quot;}\">\n\t\t\t\t\t\t<div class=\"elementor-container elementor-column-gap-default\">\n\t\t\t\t\t<div class=\"elementor-column elementor-col-50 elementor-top-column elementor-element elementor-element-5896219\" data-id=\"5896219\" data-element_type=\"column\" data-e-type=\"column\">\n\t\t\t<div class=\"elementor-widget-wrap elementor-element-populated\">\n\t\t\t\t\t\t<div class=\"elementor-element elementor-element-82a00d2 elementor-invisible elementor-widget elementor-widget-heading\" data-id=\"82a00d2\" data-element_type=\"widget\" data-e-type=\"widget\" data-settings=\"{&quot;_animation&quot;:&quot;fadeIn&quot;,&quot;_animation_delay&quot;:200}\" data-widget_type=\"heading.default\">\n\t\t\t\t<div class=\"elementor-widget-container\">\n\t\t\t\t\t<h6 class=\"elementor-heading-title elementor-size-default\">C\u00f3mo<\/h6>\t\t\t\t<\/div>\n\t\t\t\t<\/div>\n\t\t\t\t<div class=\"elementor-element elementor-element-cd3bbc1 elementor-widget elementor-widget-heading\" data-id=\"cd3bbc1\" data-element_type=\"widget\" data-e-type=\"widget\" data-widget_type=\"heading.default\">\n\t\t\t\t<div class=\"elementor-widget-container\">\n\t\t\t\t\t<h3 class=\"elementor-heading-title elementor-size-default\">Beber mezcal de forma tradicional<\/h3>\t\t\t\t<\/div>\n\t\t\t\t<\/div>\n\t\t\t\t<div class=\"elementor-element elementor-element-8ba7087 elementor-widget elementor-widget-text-editor\" data-id=\"8ba7087\" data-element_type=\"widget\" data-e-type=\"widget\" data-widget_type=\"text-editor.default\">\n\t\t\t\t<div class=\"elementor-widget-container\">\n\t\t\t\t\t\t\t\t\t<div class=\"elementor-element elementor-element-528465e5 elementor-widget elementor-widget-text-editor\" data-id=\"528465e5\" data-element_type=\"widget\" data-widget_type=\"text-editor.default\"><div class=\"elementor-widget-container\"><div class=\"elementor-text-editor elementor-clearfix\"><div><div><div><div><div><div><span style=\"font-weight: 400;\">La forma tradicional de beber mezcal en Oaxaca y otras regiones de M\u00e9xico se ha transmitido de generaci\u00f3n en generaci\u00f3n y hace hincapi\u00e9 en el respeto por la complejidad y la herencia de la bebida espirituosa. He aqu\u00ed c\u00f3mo se disfruta tradicionalmente:<\/span><\/div><\/div><\/div><\/div><\/div><\/div><\/div><\/div><\/div>\t\t\t\t\t\t\t\t<\/div>\n\t\t\t\t<\/div>\n\t\t\t\t\t<\/div>\n\t\t<\/div>\n\t\t\t\t<div class=\"elementor-column elementor-col-50 elementor-top-column elementor-element elementor-element-f048829\" data-id=\"f048829\" data-element_type=\"column\" data-e-type=\"column\">\n\t\t\t<div class=\"elementor-widget-wrap elementor-element-populated\">\n\t\t\t\t\t\t<div class=\"elementor-element elementor-element-8b5627e animated-fast elementor-invisible elementor-widget elementor-widget-image\" data-id=\"8b5627e\" data-element_type=\"widget\" data-e-type=\"widget\" data-settings=\"{&quot;_animation&quot;:&quot;imageGrowWithScaleRight&quot;,&quot;_animation_mobile&quot;:&quot;none&quot;,&quot;_animation_delay&quot;:1000}\" data-widget_type=\"image.default\">\n\t\t\t\t<div class=\"elementor-widget-container\">\n\t\t\t\t\t\t\t\t\t\t\t\t\t\t\t<img decoding=\"async\" width=\"3520\" height=\"3443\" src=\"https:\/\/maravelus.com.mx\/wp-content\/uploads\/2025\/03\/19.png\" class=\"attachment-full size-full wp-image-988476\" alt=\"\" srcset=\"https:\/\/maravelus.com.mx\/wp-content\/uploads\/2025\/03\/19.png 3520w, https:\/\/maravelus.com.mx\/wp-content\/uploads\/2025\/03\/19-300x293.png 300w, https:\/\/maravelus.com.mx\/wp-content\/uploads\/2025\/03\/19-1024x1002.png 1024w, https:\/\/maravelus.com.mx\/wp-content\/uploads\/2025\/03\/19-768x751.png 768w, https:\/\/maravelus.com.mx\/wp-content\/uploads\/2025\/03\/19-1536x1502.png 1536w, https:\/\/maravelus.com.mx\/wp-content\/uploads\/2025\/03\/19-2048x2003.png 2048w, https:\/\/maravelus.com.mx\/wp-content\/uploads\/2025\/03\/19-12x12.png 12w, https:\/\/maravelus.com.mx\/wp-content\/uploads\/2025\/03\/19-630x616.png 630w, https:\/\/maravelus.com.mx\/wp-content\/uploads\/2025\/03\/19-1260x1232.png 1260w, https:\/\/maravelus.com.mx\/wp-content\/uploads\/2025\/03\/19-315x308.png 315w\" sizes=\"(max-width: 3520px) 100vw, 3520px\" \/>\t\t\t\t\t\t\t\t\t\t\t\t\t\t\t<\/div>\n\t\t\t\t<\/div>\n\t\t\t\t\t<\/div>\n\t\t<\/div>\n\t\t\t\t\t<\/div>\n\t\t<\/section>\n\t\t\t\t<section class=\"elementor-section elementor-top-section elementor-element elementor-element-b935162 elementor-section-height-min-height elementor-section-boxed elementor-section-height-default elementor-section-items-middle\" data-id=\"b935162\" data-element_type=\"section\" data-e-type=\"section\" data-settings=\"{&quot;background_background&quot;:&quot;classic&quot;}\">\n\t\t\t\t\t\t<div class=\"elementor-container elementor-column-gap-default\">\n\t\t\t\t\t<div class=\"elementor-column elementor-col-100 elementor-top-column elementor-element elementor-element-e016081\" data-id=\"e016081\" data-element_type=\"column\" data-e-type=\"column\">\n\t\t\t<div class=\"elementor-widget-wrap elementor-element-populated\">\n\t\t\t\t\t\t<div class=\"elementor-element elementor-element-0bb1764 elementor-absolute elementor-widget elementor-widget-image\" data-id=\"0bb1764\" data-element_type=\"widget\" data-e-type=\"widget\" data-settings=\"{&quot;_position&quot;:&quot;absolute&quot;}\" data-widget_type=\"image.default\">\n\t\t\t\t<div class=\"elementor-widget-container\">\n\t\t\t\t\t\t\t\t\t\t\t\t\t\t\t<img decoding=\"async\" width=\"101\" height=\"112\" src=\"https:\/\/maravelus.com.mx\/wp-content\/uploads\/2024\/04\/coleccion-ilustraciones-monocromas-produccion-tequila-estilo-boceto_195186-176-p.png\" class=\"attachment-medium size-medium wp-image-987826\" alt=\"\" \/>\t\t\t\t\t\t\t\t\t\t\t\t\t\t\t<\/div>\n\t\t\t\t<\/div>\n\t\t\t\t<div class=\"elementor-element elementor-element-d425b8c elementor-widget elementor-widget-text-editor\" data-id=\"d425b8c\" data-element_type=\"widget\" data-e-type=\"widget\" data-widget_type=\"text-editor.default\">\n\t\t\t\t<div class=\"elementor-widget-container\">\n\t\t\t\t\t\t\t\t\t<p>Cuando pruebas el mezcal, te embarcas en un viaje a trav\u00e9s del tiempo y la tradici\u00f3n, experimentando un esp\u00edritu que est\u00e1 profundamente entretejido en el tejido cultural de su regi\u00f3n. Al degustar mezcal, se encontrar\u00e1 con un espectro de sabores que reflejan el alma misma de la tierra de la que procede. Saborear\u00e1 los susurros ahumados de los corazones de agave tostados en pozos de tierra, la robustez terrosa de la planta y matices sutiles que van de lo floral a lo c\u00edtrico, de lo herbal a lo dulce, y cada sorbo se desarrollar\u00e1 como una historia.<\/p>\t\t\t\t\t\t\t\t<\/div>\n\t\t\t\t<\/div>\n\t\t\t\t\t<\/div>\n\t\t<\/div>\n\t\t\t\t\t<\/div>\n\t\t<\/section>\n\t\t\t\t<section class=\"elementor-section elementor-top-section elementor-element elementor-element-8b11caf elementor-section-height-min-height elementor-section-full_width elementor-section-height-default elementor-section-items-middle\" data-id=\"8b11caf\" data-element_type=\"section\" data-e-type=\"section\">\n\t\t\t\t\t\t<div class=\"elementor-container elementor-column-gap-default\">\n\t\t\t\t\t<div class=\"elementor-column elementor-col-50 elementor-top-column elementor-element elementor-element-e36a09e\" data-id=\"e36a09e\" data-element_type=\"column\" data-e-type=\"column\" data-settings=\"{&quot;background_background&quot;:&quot;classic&quot;}\">\n\t\t\t<div class=\"elementor-widget-wrap elementor-element-populated\">\n\t\t\t\t\t\t<div class=\"elementor-element elementor-element-670f4dc elementor-widget elementor-widget-image\" data-id=\"670f4dc\" data-element_type=\"widget\" data-e-type=\"widget\" data-widget_type=\"image.default\">\n\t\t\t\t<div class=\"elementor-widget-container\">\n\t\t\t\t\t\t\t\t\t\t\t\t\t\t\t<img loading=\"lazy\" decoding=\"async\" width=\"678\" height=\"1024\" src=\"https:\/\/maravelus.com.mx\/wp-content\/uploads\/2025\/03\/14-678x1024.png\" class=\"attachment-large size-large wp-image-988435\" alt=\"\" srcset=\"https:\/\/maravelus.com.mx\/wp-content\/uploads\/2025\/03\/14-678x1024.png 678w, https:\/\/maravelus.com.mx\/wp-content\/uploads\/2025\/03\/14-199x300.png 199w, https:\/\/maravelus.com.mx\/wp-content\/uploads\/2025\/03\/14-768x1159.png 768w, https:\/\/maravelus.com.mx\/wp-content\/uploads\/2025\/03\/14-1017x1536.png 1017w, https:\/\/maravelus.com.mx\/wp-content\/uploads\/2025\/03\/14-8x12.png 8w, https:\/\/maravelus.com.mx\/wp-content\/uploads\/2025\/03\/14-630x951.png 630w, https:\/\/maravelus.com.mx\/wp-content\/uploads\/2025\/03\/14-315x476.png 315w, https:\/\/maravelus.com.mx\/wp-content\/uploads\/2025\/03\/14.png 1244w\" sizes=\"(max-width: 678px) 100vw, 678px\" \/>\t\t\t\t\t\t\t\t\t\t\t\t\t\t\t<\/div>\n\t\t\t\t<\/div>\n\t\t\t\t\t<\/div>\n\t\t<\/div>\n\t\t\t\t<div class=\"elementor-column elementor-col-50 elementor-top-column elementor-element elementor-element-38950c9\" data-id=\"38950c9\" data-element_type=\"column\" data-e-type=\"column\">\n\t\t\t<div class=\"elementor-widget-wrap elementor-element-populated\">\n\t\t\t\t\t\t<div class=\"elementor-element elementor-element-ba95608 elementor-widget elementor-widget-text-editor\" data-id=\"ba95608\" data-element_type=\"widget\" data-e-type=\"widget\" data-widget_type=\"text-editor.default\">\n\t\t\t\t<div class=\"elementor-widget-container\">\n\t\t\t\t\t\t\t\t\t<h3>Datos t\u00e9cnicos:<\/h3><p><strong>Maestro Mezcalero:<\/strong><br \/>Ren\u00e9 S\u00e1nchez Balseca.<\/p><p><strong>Origen:<\/strong><br \/>San Luis del R\u00edo, Tlacolula, Oaxaca, M\u00e9xico.<\/p><p><strong>Tipo Agave:<\/strong><br \/>Espad\u00edn (Agave angustifolia).<\/p><p><strong>Edad del agave:<\/strong><br \/>8-10 a\u00f1os de maduraci\u00f3n.<\/p><p><strong>M\u00e9todo de cocci\u00f3n:<\/strong><br \/>Horno c\u00f3nico de le\u00f1a.<\/p><p><strong>Rectificado:<\/strong><br \/>Molino o trituradora de piedra.<\/p><p><strong>Tipo de fermentaci\u00f3n:<\/strong><br \/>Natural, en cubas de madera.<\/p><p><strong>Tipo de destilaci\u00f3n:<\/strong><br \/>Doble destilaci\u00f3n en alambiques de cobre.<\/p><p><strong>Presentaci\u00f3n:<\/strong><br \/>700 ml.<\/p><p><strong>Proceso:<\/strong><br \/>100% hecho a mano.<\/p>\t\t\t\t\t\t\t\t<\/div>\n\t\t\t\t<\/div>\n\t\t\t\t<div class=\"elementor-element elementor-element-98840b5 elementor-add-to-cart--align-left elementor-widget elementor-widget-wc-add-to-cart\" data-id=\"98840b5\" data-element_type=\"widget\" data-e-type=\"widget\" data-widget_type=\"wc-add-to-cart.default\">\n\t\t\t\t<div class=\"elementor-widget-container\">\n\t\t\t\t\t\t\t\t\t<div class=\"elementor-button-wrapper\">\n\t\t\t\t\t<a rel=\"nofollow\" href=\"\/es\/wp-json\/wp\/v2\/pages\/17?add-to-cart=6593\" data-quantity=\"1\" data-product_id=\"6593\" class=\"product_type_simple add_to_cart_button ajax_add_to_cart elementor-button elementor-size-sm\" role=\"button\">\n\t\t\t\t\t\t<span class=\"elementor-button-content-wrapper\">\n\t\t\t\t\t\t<span class=\"elementor-button-icon\">\n\t\t\t\t<svg aria-hidden=\"true\" class=\"e-font-icon-svg e-fas-shopping-cart\" viewbox=\"0 0 576 512\" xmlns=\"http:\/\/www.w3.org\/2000\/svg\"><path d=\"M528.12 301.319l47.273-208C578.806 78.301 567.391 64 551.99 64H159.208l-9.166-44.81C147.758 8.021 137.93 0 126.529 0H24C10.745 0 0 10.745 0 24v16c0 13.255 10.745 24 24 24h69.883l70.248 343.435C147.325 417.1 136 435.222 136 456c0 30.928 25.072 56 56 56s56-25.072 56-56c0-15.674-6.447-29.835-16.824-40h209.647C430.447 426.165 424 440.326 424 456c0 30.928 25.072 56 56 56s56-25.072 56-56c0-22.172-12.888-41.332-31.579-50.405l5.517-24.276c3.413-15.018-8.002-29.319-23.403-29.319H218.117l-6.545-32h293.145c11.206 0 20.92-7.754 23.403-18.681z\"><\/path><\/svg>\t\t\t<\/span>\n\t\t\t\t\t\t\t\t\t<span class=\"elementor-button-text\">A\u00f1adir a la cesta<\/span>\n\t\t\t\t\t<\/span>\n\t\t\t\t\t<\/a>\n\t\t\t\t<\/div>\n\t\t\t\t\t\t\t\t<\/div>\n\t\t\t\t<\/div>\n\t\t\t\t\t<\/div>\n\t\t<\/div>\n\t\t\t\t\t<\/div>\n\t\t<\/section>\n\t\t\t\t<\/div>","protected":false},"excerpt":{"rendered":"<p>Shop Maravelus can differentiate itself by focusing on the unique terroir of its Oaxacan source, emphasizing how the specific soil, altitude, and climate conditions of its agave plantations contribute to the distinct flavors and aromas of its mezcal. Leveraging traditional production methods, such as using ancient varieties of agave and adhering to sustainable and ethical&#8230;<\/p>","protected":false},"author":1,"featured_media":0,"parent":0,"menu_order":0,"comment_status":"closed","ping_status":"closed","template":"","meta":{"footnotes":""},"class_list":["post-17","page","type-page","status-publish","hentry"],"_links":{"self":[{"href":"https:\/\/maravelus.com.mx\/es\/wp-json\/wp\/v2\/pages\/17","targetHints":{"allow":["GET"]}}],"collection":[{"href":"https:\/\/maravelus.com.mx\/es\/wp-json\/wp\/v2\/pages"}],"about":[{"href":"https:\/\/maravelus.com.mx\/es\/wp-json\/wp\/v2\/types\/page"}],"author":[{"embeddable":true,"href":"https:\/\/maravelus.com.mx\/es\/wp-json\/wp\/v2\/users\/1"}],"replies":[{"embeddable":true,"href":"https:\/\/maravelus.com.mx\/es\/wp-json\/wp\/v2\/comments?post=17"}],"version-history":[{"count":35,"href":"https:\/\/maravelus.com.mx\/es\/wp-json\/wp\/v2\/pages\/17\/revisions"}],"predecessor-version":[{"id":988480,"href":"https:\/\/maravelus.com.mx\/es\/wp-json\/wp\/v2\/pages\/17\/revisions\/988480"}],"wp:attachment":[{"href":"https:\/\/maravelus.com.mx\/es\/wp-json\/wp\/v2\/media?parent=17"}],"curies":[{"name":"wp","href":"https:\/\/api.w.org\/{rel}","templated":true}]}}